{"id":5949,"date":"2026-02-18T15:45:20","date_gmt":"2026-02-18T15:45:20","guid":{"rendered":"https:\/\/yevadesigns.com\/?post_type=product&#038;p=5949"},"modified":"2026-02-18T15:45:20","modified_gmt":"2026-02-18T15:45:20","slug":"nour-etoile","status":"publish","type":"product","link":"https:\/\/yevadesigns.com\/fr\/produit\/nour-etoile\/","title":{"rendered":"Nour \u00c9toil\u00e9"},"content":{"rendered":"<p>Radiating quiet luxury, Nour \u00c9toil\u00e9 blends refined crepe fabric with exquisite French lace for a luminous, airy finish. Designed with elegant openings along the arms, sides, and back, the silhouette moves with fluid grace, while golden buttons add a subtle touch of opulence. A harmonious balance of lightness, movement, and refined detail \u2014 made for radiant moments.<\/p>","protected":false},"excerpt":{"rendered":"<p>Radiating quiet luxury, Nour \u00c9toil\u00e9 blends refined crepe fabric with exquisite French lace for a luminous, airy finish. Designed with&#8230;<\/p>","protected":false},"featured_media":5954,"comment_status":"open","ping_status":"closed","template":"","meta":[],"product_brand":[],"product_cat":[15,55],"product_tag":[],"class_list":{"0":"post-5949","1":"product","2":"type-product","3":"status-publish","4":"has-post-thumbnail","6":"product_cat-women","7":"product_cat-eid-collection","9":"first","10":"instock","11":"shipping-taxable","12":"purchasable","13":"product-type-simple"},"_links":{"self":[{"href":"https:\/\/yevadesigns.com\/fr\/wp-json\/wp\/v2\/product\/5949","targetHints":{"allow":["GET"]}}],"collection":[{"href":"https:\/\/yevadesigns.com\/fr\/wp-json\/wp\/v2\/product"}],"about":[{"href":"https:\/\/yevadesigns.com\/fr\/wp-json\/wp\/v2\/types\/product"}],"replies":[{"embeddable":true,"href":"https:\/\/yevadesigns.com\/fr\/wp-json\/wp\/v2\/comments?post=5949"}],"wp:featuredmedia":[{"embeddable":true,"href":"https:\/\/yevadesigns.com\/fr\/wp-json\/wp\/v2\/media\/5954"}],"wp:attachment":[{"href":"https:\/\/yevadesigns.com\/fr\/wp-json\/wp\/v2\/media?parent=5949"}],"wp:term":[{"taxonomy":"product_brand","embeddable":true,"href":"https:\/\/yevadesigns.com\/fr\/wp-json\/wp\/v2\/product_brand?post=5949"},{"taxonomy":"product_cat","embeddable":true,"href":"https:\/\/yevadesigns.com\/fr\/wp-json\/wp\/v2\/product_cat?post=5949"},{"taxonomy":"product_tag","embeddable":true,"href":"https:\/\/yevadesigns.com\/fr\/wp-json\/wp\/v2\/product_tag?post=5949"}],"curies":[{"name":"wp","href":"https:\/\/api.w.org\/{rel}","templated":true}]}}