{"id":5441,"date":"2024-05-02T21:54:26","date_gmt":"2024-05-02T21:54:26","guid":{"rendered":"https:\/\/yevadesigns.com\/?post_type=product&#038;p=5441"},"modified":"2025-12-29T13:57:11","modified_gmt":"2025-12-29T13:57:11","slug":"yeva-5","status":"publish","type":"product","link":"https:\/\/yevadesigns.com\/fr\/produit\/yeva-5\/","title":{"rendered":"Emerald Sands"},"content":{"rendered":"","protected":false},"excerpt":{"rendered":"<p>L&#039;abaya en coton beige avec broderie verte pr\u00e9sente des d\u00e9tails complexes, ajoutant de l&#039;\u00e9l\u00e9gance \u00e0 sa simplicit\u00e9. Sa doublure en organza olive rehausse encore sa gr\u00e2ce, cr\u00e9ant un m\u00e9lange harmonieux de couleurs et de textures.<\/p>","protected":false},"featured_media":5436,"comment_status":"open","ping_status":"closed","template":"","meta":[],"product_brand":[],"product_cat":[15],"product_tag":[43],"class_list":{"0":"post-5441","1":"product","2":"type-product","3":"status-publish","4":"has-post-thumbnail","6":"product_cat-women","7":"product_tag-emerald-sands","9":"first","10":"outofstock","11":"shipping-taxable","12":"purchasable","13":"product-type-variable"},"_links":{"self":[{"href":"https:\/\/yevadesigns.com\/fr\/wp-json\/wp\/v2\/product\/5441","targetHints":{"allow":["GET"]}}],"collection":[{"href":"https:\/\/yevadesigns.com\/fr\/wp-json\/wp\/v2\/product"}],"about":[{"href":"https:\/\/yevadesigns.com\/fr\/wp-json\/wp\/v2\/types\/product"}],"replies":[{"embeddable":true,"href":"https:\/\/yevadesigns.com\/fr\/wp-json\/wp\/v2\/comments?post=5441"}],"wp:featuredmedia":[{"embeddable":true,"href":"https:\/\/yevadesigns.com\/fr\/wp-json\/wp\/v2\/media\/5436"}],"wp:attachment":[{"href":"https:\/\/yevadesigns.com\/fr\/wp-json\/wp\/v2\/media?parent=5441"}],"wp:term":[{"taxonomy":"product_brand","embeddable":true,"href":"https:\/\/yevadesigns.com\/fr\/wp-json\/wp\/v2\/product_brand?post=5441"},{"taxonomy":"product_cat","embeddable":true,"href":"https:\/\/yevadesigns.com\/fr\/wp-json\/wp\/v2\/product_cat?post=5441"},{"taxonomy":"product_tag","embeddable":true,"href":"https:\/\/yevadesigns.com\/fr\/wp-json\/wp\/v2\/product_tag?post=5441"}],"curies":[{"name":"wp","href":"https:\/\/api.w.org\/{rel}","templated":true}]}}