{"id":5438,"date":"2024-05-02T21:52:12","date_gmt":"2024-05-02T21:52:12","guid":{"rendered":"https:\/\/yevadesigns.com\/?post_type=product&#038;p=5438"},"modified":"2026-03-14T17:19:27","modified_gmt":"2026-03-14T17:19:27","slug":"yeva-04","status":"publish","type":"product","link":"https:\/\/yevadesigns.com\/fr\/produit\/yeva-04\/","title":{"rendered":"Marakkech Rose"},"content":{"rendered":"","protected":false},"excerpt":{"rendered":"<p>L&#039;abaya marron en jacquard satin\u00e9, inspir\u00e9e de l&#039;esth\u00e9tique marocaine, pr\u00e9sente une sfifa et des boutons noirs, lui insufflant une touche de charme traditionnel. Son tissu luxueux capte la lumi\u00e8re avec un \u00e9clat subtil, tandis que de d\u00e9licates broderies ajoutent des motifs complexes et une touche d&#039;opulence. \u00c0 l\u2019int\u00e9rieur, une doublure en cr\u00eape beige assure confort et finition soign\u00e9e, rehaussant l\u2019apparence g\u00e9n\u00e9rale avec une \u00e9l\u00e9gance discr\u00e8te et un clin d\u2019\u0153il \u00e0 l\u2019artisanat marocain.<\/p>","protected":false},"featured_media":5420,"comment_status":"open","ping_status":"closed","template":"","meta":[],"product_brand":[],"product_cat":[15],"product_tag":[44],"class_list":{"0":"post-5438","1":"product","2":"type-product","3":"status-publish","4":"has-post-thumbnail","6":"product_cat-women","7":"product_tag-marakkech-rose","9":"first","10":"instock","11":"shipping-taxable","12":"purchasable","13":"product-type-variable"},"_links":{"self":[{"href":"https:\/\/yevadesigns.com\/fr\/wp-json\/wp\/v2\/product\/5438","targetHints":{"allow":["GET"]}}],"collection":[{"href":"https:\/\/yevadesigns.com\/fr\/wp-json\/wp\/v2\/product"}],"about":[{"href":"https:\/\/yevadesigns.com\/fr\/wp-json\/wp\/v2\/types\/product"}],"replies":[{"embeddable":true,"href":"https:\/\/yevadesigns.com\/fr\/wp-json\/wp\/v2\/comments?post=5438"}],"wp:featuredmedia":[{"embeddable":true,"href":"https:\/\/yevadesigns.com\/fr\/wp-json\/wp\/v2\/media\/5420"}],"wp:attachment":[{"href":"https:\/\/yevadesigns.com\/fr\/wp-json\/wp\/v2\/media?parent=5438"}],"wp:term":[{"taxonomy":"product_brand","embeddable":true,"href":"https:\/\/yevadesigns.com\/fr\/wp-json\/wp\/v2\/product_brand?post=5438"},{"taxonomy":"product_cat","embeddable":true,"href":"https:\/\/yevadesigns.com\/fr\/wp-json\/wp\/v2\/product_cat?post=5438"},{"taxonomy":"product_tag","embeddable":true,"href":"https:\/\/yevadesigns.com\/fr\/wp-json\/wp\/v2\/product_tag?post=5438"}],"curies":[{"name":"wp","href":"https:\/\/api.w.org\/{rel}","templated":true}]}}