{"id":5434,"date":"2024-05-02T21:50:53","date_gmt":"2024-05-02T21:50:53","guid":{"rendered":"https:\/\/yevadesigns.com\/?post_type=product&#038;p=5434"},"modified":"2025-12-09T00:11:58","modified_gmt":"2025-12-09T00:11:58","slug":"yeva-03","status":"publish","type":"product","link":"https:\/\/yevadesigns.com\/fr\/produit\/yeva-03\/","title":{"rendered":"Dunes Trench"},"content":{"rendered":"","protected":false},"excerpt":{"rendered":"<p>L&#039;abaya en lin et brocart allie harmonieusement sophistication et luxe discret. Son tissu en lin bicolore, dot\u00e9 d&#039;un ext\u00e9rieur beige et d&#039;un int\u00e9rieur bleu marine, cr\u00e9e un contraste subtil mais saisissant. Les embellissements en brocart brod\u00e9 imitent astucieusement l&#039;apparence d&#039;un trench-coat, ajoutant une touche d&#039;\u00e9l\u00e9gance intemporelle. Cette fusion de textures et de tons donne naissance \u00e0 un v\u00eatement au raffinement unique qui m\u00e9lange sans effort les styles classiques et contemporains.<\/p>\n<p>Coupe du mod\u00e8le : Le mannequin mesure 1,71 m et elle porte une abaya S\/M.<\/p>\n<p>Attention : Photo non contractuelle<\/p>","protected":false},"featured_media":5415,"comment_status":"open","ping_status":"closed","template":"","meta":[],"product_brand":[],"product_cat":[15],"product_tag":[45],"class_list":{"0":"post-5434","1":"product","2":"type-product","3":"status-publish","4":"has-post-thumbnail","6":"product_cat-women","7":"product_tag-dunes-trench","9":"first","10":"instock","11":"shipping-taxable","12":"purchasable","13":"product-type-variable"},"_links":{"self":[{"href":"https:\/\/yevadesigns.com\/fr\/wp-json\/wp\/v2\/product\/5434","targetHints":{"allow":["GET"]}}],"collection":[{"href":"https:\/\/yevadesigns.com\/fr\/wp-json\/wp\/v2\/product"}],"about":[{"href":"https:\/\/yevadesigns.com\/fr\/wp-json\/wp\/v2\/types\/product"}],"replies":[{"embeddable":true,"href":"https:\/\/yevadesigns.com\/fr\/wp-json\/wp\/v2\/comments?post=5434"}],"wp:featuredmedia":[{"embeddable":true,"href":"https:\/\/yevadesigns.com\/fr\/wp-json\/wp\/v2\/media\/5415"}],"wp:attachment":[{"href":"https:\/\/yevadesigns.com\/fr\/wp-json\/wp\/v2\/media?parent=5434"}],"wp:term":[{"taxonomy":"product_brand","embeddable":true,"href":"https:\/\/yevadesigns.com\/fr\/wp-json\/wp\/v2\/product_brand?post=5434"},{"taxonomy":"product_cat","embeddable":true,"href":"https:\/\/yevadesigns.com\/fr\/wp-json\/wp\/v2\/product_cat?post=5434"},{"taxonomy":"product_tag","embeddable":true,"href":"https:\/\/yevadesigns.com\/fr\/wp-json\/wp\/v2\/product_tag?post=5434"}],"curies":[{"name":"wp","href":"https:\/\/api.w.org\/{rel}","templated":true}]}}