{"id":5430,"date":"2024-05-02T21:49:53","date_gmt":"2024-05-02T21:49:53","guid":{"rendered":"https:\/\/yevadesigns.com\/?post_type=product&#038;p=5430"},"modified":"2025-12-09T00:11:58","modified_gmt":"2025-12-09T00:11:58","slug":"yeva-2","status":"publish","type":"product","link":"https:\/\/yevadesigns.com\/fr\/produit\/yeva-2\/","title":{"rendered":"Charcoal Charm"},"content":{"rendered":"","protected":false},"excerpt":{"rendered":"<p>L&#039;abaya anthracite en jacquard satin\u00e9 d\u00e9gage une sophistication \u00e9l\u00e9gante avec une touche contemporaine, rehauss\u00e9e par une ceinture noire sfifa d&#039;inspiration marocaine qui ajoute une touche de style traditionnel. Des motifs imprim\u00e9s ornent le tissu, ajoutant de la profondeur et un int\u00e9r\u00eat visuel \u00e0 l&#039;ensemble, tandis qu&#039;\u00e0 l&#039;int\u00e9rieur, une doublure en cr\u00eape grise offre un contraste doux et subtil, assurant \u00e0 la fois confort et style. Ce m\u00e9lange harmonieux de textures, de tons et d&#039;influences culturelles cr\u00e9e un look sophistiqu\u00e9 et moderne avec un clin d&#039;\u0153il \u00e0 l&#039;artisanat marocain.<\/p>","protected":false},"featured_media":5422,"comment_status":"open","ping_status":"closed","template":"","meta":[],"product_brand":[],"product_cat":[15],"product_tag":[46],"class_list":{"0":"post-5430","1":"product","2":"type-product","3":"status-publish","4":"has-post-thumbnail","6":"product_cat-women","7":"product_tag-charcoal-charm","9":"first","10":"instock","11":"shipping-taxable","12":"purchasable","13":"product-type-variable"},"_links":{"self":[{"href":"https:\/\/yevadesigns.com\/fr\/wp-json\/wp\/v2\/product\/5430","targetHints":{"allow":["GET"]}}],"collection":[{"href":"https:\/\/yevadesigns.com\/fr\/wp-json\/wp\/v2\/product"}],"about":[{"href":"https:\/\/yevadesigns.com\/fr\/wp-json\/wp\/v2\/types\/product"}],"replies":[{"embeddable":true,"href":"https:\/\/yevadesigns.com\/fr\/wp-json\/wp\/v2\/comments?post=5430"}],"wp:featuredmedia":[{"embeddable":true,"href":"https:\/\/yevadesigns.com\/fr\/wp-json\/wp\/v2\/media\/5422"}],"wp:attachment":[{"href":"https:\/\/yevadesigns.com\/fr\/wp-json\/wp\/v2\/media?parent=5430"}],"wp:term":[{"taxonomy":"product_brand","embeddable":true,"href":"https:\/\/yevadesigns.com\/fr\/wp-json\/wp\/v2\/product_brand?post=5430"},{"taxonomy":"product_cat","embeddable":true,"href":"https:\/\/yevadesigns.com\/fr\/wp-json\/wp\/v2\/product_cat?post=5430"},{"taxonomy":"product_tag","embeddable":true,"href":"https:\/\/yevadesigns.com\/fr\/wp-json\/wp\/v2\/product_tag?post=5430"}],"curies":[{"name":"wp","href":"https:\/\/api.w.org\/{rel}","templated":true}]}}