{"id":5410,"date":"2024-05-02T21:44:23","date_gmt":"2024-05-02T21:44:23","guid":{"rendered":"https:\/\/yevadesigns.com\/?post_type=product&#038;p=5410"},"modified":"2025-12-09T00:11:58","modified_gmt":"2025-12-09T00:11:58","slug":"yeva-01","status":"publish","type":"product","link":"https:\/\/yevadesigns.com\/fr\/produit\/yeva-01\/","title":{"rendered":"Crystal Cascade"},"content":{"rendered":"","protected":false},"excerpt":{"rendered":"<p>Chaque abaya Crystal Cascade est un chef-d&#039;\u0153uvre unique, chaque abaya pr\u00e9sentant un m\u00e9lange diff\u00e9rent de pierres Swarovski authentiques soigneusement cousues \u00e0 la main dans le tissu. Cette attention particuli\u00e8re port\u00e9e aux d\u00e9tails garantit que chaque v\u00eatement est une \u0153uvre d&#039;art singuli\u00e8re.<\/p>","protected":false},"featured_media":5398,"comment_status":"open","ping_status":"closed","template":"","meta":[],"product_brand":[],"product_cat":[15],"product_tag":[47],"class_list":{"0":"post-5410","1":"product","2":"type-product","3":"status-publish","4":"has-post-thumbnail","6":"product_cat-women","7":"product_tag-crystal-cascade","9":"first","10":"instock","11":"shipping-taxable","12":"purchasable","13":"product-type-variable"},"_links":{"self":[{"href":"https:\/\/yevadesigns.com\/fr\/wp-json\/wp\/v2\/product\/5410","targetHints":{"allow":["GET"]}}],"collection":[{"href":"https:\/\/yevadesigns.com\/fr\/wp-json\/wp\/v2\/product"}],"about":[{"href":"https:\/\/yevadesigns.com\/fr\/wp-json\/wp\/v2\/types\/product"}],"replies":[{"embeddable":true,"href":"https:\/\/yevadesigns.com\/fr\/wp-json\/wp\/v2\/comments?post=5410"}],"wp:featuredmedia":[{"embeddable":true,"href":"https:\/\/yevadesigns.com\/fr\/wp-json\/wp\/v2\/media\/5398"}],"wp:attachment":[{"href":"https:\/\/yevadesigns.com\/fr\/wp-json\/wp\/v2\/media?parent=5410"}],"wp:term":[{"taxonomy":"product_brand","embeddable":true,"href":"https:\/\/yevadesigns.com\/fr\/wp-json\/wp\/v2\/product_brand?post=5410"},{"taxonomy":"product_cat","embeddable":true,"href":"https:\/\/yevadesigns.com\/fr\/wp-json\/wp\/v2\/product_cat?post=5410"},{"taxonomy":"product_tag","embeddable":true,"href":"https:\/\/yevadesigns.com\/fr\/wp-json\/wp\/v2\/product_tag?post=5410"}],"curies":[{"name":"wp","href":"https:\/\/api.w.org\/{rel}","templated":true}]}}