{"id":590,"date":"2019-03-08T07:02:16","date_gmt":"2019-03-08T07:02:16","guid":{"rendered":"https:\/\/woostify.com\/demos\/fashion1\/?page_id=590"},"modified":"2019-03-08T07:02:16","modified_gmt":"2019-03-08T07:02:16","slug":"shop-full-width","status":"publish","type":"page","link":"https:\/\/yevadesigns.com\/fr\/shop-full-width\/","title":{"rendered":"Shop Full Width"},"content":{"rendered":"<div class=\"woocommerce columns-4\"><div class=\"woocommerce-notices-wrapper\"><\/div><p class=\"woocommerce-result-count\">\n\tShowing <span class=\"result-first\">1<\/span>&ndash;<span class=\"result-end\">8<\/span> of 20 results<\/p>\n<form class=\"woocommerce-ordering\" method=\"get\" action=\"\">\n\t\t<select\n\t\tname=\"orderby\"\n\t\tclass=\"orderby\"\n\t\t\t\t\taria-label=\"Commande\" data-no-translation-aria-label=\"\"\n\t\t\t>\n\t\t\t\t\t<option value=\"menu_order\"  selected='selected' data-no-translation=\"\" data-trp-gettext=\"\">Tri par d\u00e9faut<\/option>\n\t\t\t\t\t<option value=\"popularity\" data-no-translation=\"\" data-trp-gettext=\"\" >Tri par popularit\u00e9<\/option>\n\t\t\t\t\t<option value=\"rating\" data-no-translation=\"\" data-trp-gettext=\"\" >Tri par notes moyennes<\/option>\n\t\t\t\t\t<option value=\"date\" data-no-translation=\"\" data-trp-gettext=\"\" >Tri du plus r\u00e9cent au plus ancien<\/option>\n\t\t\t\t\t<option value=\"price\" data-no-translation=\"\" data-trp-gettext=\"\" >Tri par tarif croissant<\/option>\n\t\t\t\t\t<option value=\"price-desc\" data-no-translation=\"\" data-trp-gettext=\"\" >Tri par tarif d\u00e9croissant<\/option>\n\t\t\t<\/select>\n\t<input type=\"hidden\" name=\"paged\" value=\"1\" \/>\n\t<input type=\"hidden\" name=\"trp-form-language\" value=\"fr\"\/><\/form>\n<ul class=\"products columns-4\">\n<li class=\"product type-product post-5949 status-publish first instock product_cat-eid-collection product_cat-women has-post-thumbnail shipping-taxable purchasable product-type-simple\">\n\t<a href=\"https:\/\/yevadesigns.com\/fr\/produit\/nour-etoile\/\" class=\"woocommerce-LoopProduct-link woocommerce-loop-product__link\"><img fetchpriority=\"high\" decoding=\"async\" width=\"1080\" height=\"1350\" src=\"https:\/\/yevadesigns.com\/wp-content\/uploads\/2026\/02\/B20A8565-1080x1350.jpeg\" class=\"attachment-woocommerce_thumbnail size-woocommerce_thumbnail\" alt=\"Nour \u00c9toil\u00e9\" srcset=\"https:\/\/yevadesigns.com\/wp-content\/uploads\/2026\/02\/B20A8565-1080x1350.jpeg 1080w, https:\/\/yevadesigns.com\/wp-content\/uploads\/2026\/02\/B20A8565-240x300.jpeg 240w, https:\/\/yevadesigns.com\/wp-content\/uploads\/2026\/02\/B20A8565-819x1024.jpeg 819w, https:\/\/yevadesigns.com\/wp-content\/uploads\/2026\/02\/B20A8565-768x960.jpeg 768w, https:\/\/yevadesigns.com\/wp-content\/uploads\/2026\/02\/B20A8565-1229x1536.jpeg 1229w, https:\/\/yevadesigns.com\/wp-content\/uploads\/2026\/02\/B20A8565-1638x2048.jpeg 1638w, https:\/\/yevadesigns.com\/wp-content\/uploads\/2026\/02\/B20A8565-10x12.jpeg 10w, https:\/\/yevadesigns.com\/wp-content\/uploads\/2026\/02\/B20A8565-1320x1650.jpeg 1320w, https:\/\/yevadesigns.com\/wp-content\/uploads\/2026\/02\/B20A8565-scaled.jpeg 2048w\" sizes=\"(max-width: 1080px) 100vw, 1080px\" \/><h2 class=\"woocommerce-loop-product__title\">Nour \u00c9toil\u00e9<\/h2>\n\t<span class=\"price\"><span class=\"woocommerce-Price-amount amount\"><bdi><span class=\"woocommerce-Price-currencySymbol\">$<\/span>186.24<\/bdi><\/span><\/span>\n<\/a><a href=\"\/fr\/wp-json\/wp\/v2\/pages\/590?add-to-cart=5949\" aria-describedby=\"woocommerce_loop_add_to_cart_link_describedby_5949\" data-quantity=\"1\" class=\"button product_type_simple add_to_cart_button ajax_add_to_cart\" data-product_id=\"5949\" data-product_sku=\"\" aria-label=\"Ajouter au panier\u00a0: \u201cNour \u00c9toil\u00e9\u201d\" rel=\"nofollow\" data-success_message=\"\u00ab\u00a0Nour \u00c9toil\u00e9\u00a0\u00bb a \u00e9t\u00e9 ajout\u00e9 \u00e0 votre panier\" role=\"button\" data-no-translation=\"\" data-trp-gettext=\"\" data-no-translation-aria-label=\"\" data-no-translation-data-success_message=\"\">Ajouter au panier<\/a>\t<span id=\"woocommerce_loop_add_to_cart_link_describedby_5949\" class=\"screen-reader-text\">\n\t\t\t<\/span>\n<\/li>\n<li class=\"product type-product post-5944 status-publish instock product_cat-eid-collection product_cat-women has-post-thumbnail shipping-taxable purchasable product-type-simple\">\n\t<a href=\"https:\/\/yevadesigns.com\/fr\/produit\/layali-grace\/\" class=\"woocommerce-LoopProduct-link woocommerce-loop-product__link\"><img decoding=\"async\" width=\"1080\" height=\"1350\" src=\"https:\/\/yevadesigns.com\/wp-content\/uploads\/2026\/02\/B20A8672-1080x1350.jpeg\" class=\"attachment-woocommerce_thumbnail size-woocommerce_thumbnail\" alt=\"Layali Gr\u00e2ce\" srcset=\"https:\/\/yevadesigns.com\/wp-content\/uploads\/2026\/02\/B20A8672-1080x1350.jpeg 1080w, https:\/\/yevadesigns.com\/wp-content\/uploads\/2026\/02\/B20A8672-240x300.jpeg 240w, https:\/\/yevadesigns.com\/wp-content\/uploads\/2026\/02\/B20A8672-819x1024.jpeg 819w, https:\/\/yevadesigns.com\/wp-content\/uploads\/2026\/02\/B20A8672-768x960.jpeg 768w, https:\/\/yevadesigns.com\/wp-content\/uploads\/2026\/02\/B20A8672-1229x1536.jpeg 1229w, https:\/\/yevadesigns.com\/wp-content\/uploads\/2026\/02\/B20A8672-1639x2048.jpeg 1639w, https:\/\/yevadesigns.com\/wp-content\/uploads\/2026\/02\/B20A8672-10x12.jpeg 10w, https:\/\/yevadesigns.com\/wp-content\/uploads\/2026\/02\/B20A8672-1320x1650.jpeg 1320w, https:\/\/yevadesigns.com\/wp-content\/uploads\/2026\/02\/B20A8672-scaled.jpeg 2048w\" sizes=\"(max-width: 1080px) 100vw, 1080px\" \/><h2 class=\"woocommerce-loop-product__title\">Layali Gr\u00e2ce<\/h2>\n\t<span class=\"price\"><span class=\"woocommerce-Price-amount amount\"><bdi><span class=\"woocommerce-Price-currencySymbol\">$<\/span>196.05<\/bdi><\/span><\/span>\n<\/a><a href=\"\/fr\/wp-json\/wp\/v2\/pages\/590?add-to-cart=5944\" aria-describedby=\"woocommerce_loop_add_to_cart_link_describedby_5944\" data-quantity=\"1\" class=\"button product_type_simple add_to_cart_button ajax_add_to_cart\" data-product_id=\"5944\" data-product_sku=\"\" aria-label=\"Ajouter au panier\u00a0: \u201cLayali Gr\u00e2ce\u201d\" rel=\"nofollow\" data-success_message=\"\u00ab\u00a0Layali Gr\u00e2ce\u00a0\u00bb a \u00e9t\u00e9 ajout\u00e9 \u00e0 votre panier\" role=\"button\" data-no-translation=\"\" data-trp-gettext=\"\" data-no-translation-aria-label=\"\" data-no-translation-data-success_message=\"\">Ajouter au panier<\/a>\t<span id=\"woocommerce_loop_add_to_cart_link_describedby_5944\" class=\"screen-reader-text\">\n\t\t\t<\/span>\n<\/li>\n<li class=\"product type-product post-5934 status-publish outofstock product_cat-eid-collection product_cat-women has-post-thumbnail shipping-taxable purchasable product-type-simple\">\n\t<a href=\"https:\/\/yevadesigns.com\/fr\/produit\/azur\/\" class=\"woocommerce-LoopProduct-link woocommerce-loop-product__link\"><img decoding=\"async\" width=\"1080\" height=\"1350\" src=\"https:\/\/yevadesigns.com\/wp-content\/uploads\/2026\/02\/B20A8728-1080x1350.jpeg\" class=\"attachment-woocommerce_thumbnail size-woocommerce_thumbnail\" alt=\"Azur\" srcset=\"https:\/\/yevadesigns.com\/wp-content\/uploads\/2026\/02\/B20A8728-1080x1350.jpeg 1080w, https:\/\/yevadesigns.com\/wp-content\/uploads\/2026\/02\/B20A8728-240x300.jpeg 240w, https:\/\/yevadesigns.com\/wp-content\/uploads\/2026\/02\/B20A8728-819x1024.jpeg 819w, https:\/\/yevadesigns.com\/wp-content\/uploads\/2026\/02\/B20A8728-768x960.jpeg 768w, https:\/\/yevadesigns.com\/wp-content\/uploads\/2026\/02\/B20A8728-1229x1536.jpeg 1229w, https:\/\/yevadesigns.com\/wp-content\/uploads\/2026\/02\/B20A8728-1639x2048.jpeg 1639w, https:\/\/yevadesigns.com\/wp-content\/uploads\/2026\/02\/B20A8728-10x12.jpeg 10w, https:\/\/yevadesigns.com\/wp-content\/uploads\/2026\/02\/B20A8728-1320x1650.jpeg 1320w, https:\/\/yevadesigns.com\/wp-content\/uploads\/2026\/02\/B20A8728-scaled.jpeg 2048w\" sizes=\"(max-width: 1080px) 100vw, 1080px\" \/><h2 class=\"woocommerce-loop-product__title\">Azur<\/h2>\n\t<span class=\"price\"><span class=\"woocommerce-Price-amount amount\"><bdi><span class=\"woocommerce-Price-currencySymbol\">$<\/span>171.00<\/bdi><\/span><\/span>\n<\/a><a href=\"https:\/\/yevadesigns.com\/fr\/produit\/azur\/\" aria-describedby=\"woocommerce_loop_add_to_cart_link_describedby_5934\" data-quantity=\"1\" class=\"button product_type_simple\" data-product_id=\"5934\" data-product_sku=\"\" aria-label=\"En savoir plus sur \u201cAzur\u201d\" rel=\"nofollow\" data-success_message=\"\" data-no-translation=\"\" data-trp-gettext=\"\" data-no-translation-aria-label=\"\">Lire la suite<\/a>\t<span id=\"woocommerce_loop_add_to_cart_link_describedby_5934\" class=\"screen-reader-text\">\n\t\t\t<\/span>\n<\/li>\n<li class=\"product type-product post-5933 status-publish last instock product_cat-eid-collection product_cat-women has-post-thumbnail shipping-taxable purchasable product-type-simple\">\n\t<a href=\"https:\/\/yevadesigns.com\/fr\/produit\/sakura\/\" class=\"woocommerce-LoopProduct-link woocommerce-loop-product__link\"><img loading=\"lazy\" decoding=\"async\" width=\"1080\" height=\"1350\" src=\"https:\/\/yevadesigns.com\/wp-content\/uploads\/2026\/02\/B20A8613-1080x1350.jpeg\" class=\"attachment-woocommerce_thumbnail size-woocommerce_thumbnail\" alt=\"Sakura\" srcset=\"https:\/\/yevadesigns.com\/wp-content\/uploads\/2026\/02\/B20A8613-1080x1350.jpeg 1080w, https:\/\/yevadesigns.com\/wp-content\/uploads\/2026\/02\/B20A8613-240x300.jpeg 240w, https:\/\/yevadesigns.com\/wp-content\/uploads\/2026\/02\/B20A8613-819x1024.jpeg 819w, https:\/\/yevadesigns.com\/wp-content\/uploads\/2026\/02\/B20A8613-768x960.jpeg 768w, https:\/\/yevadesigns.com\/wp-content\/uploads\/2026\/02\/B20A8613-1229x1536.jpeg 1229w, https:\/\/yevadesigns.com\/wp-content\/uploads\/2026\/02\/B20A8613-1638x2048.jpeg 1638w, https:\/\/yevadesigns.com\/wp-content\/uploads\/2026\/02\/B20A8613-10x12.jpeg 10w, https:\/\/yevadesigns.com\/wp-content\/uploads\/2026\/02\/B20A8613-1320x1650.jpeg 1320w, https:\/\/yevadesigns.com\/wp-content\/uploads\/2026\/02\/B20A8613-scaled.jpeg 2048w\" sizes=\"(max-width: 1080px) 100vw, 1080px\" \/><h2 class=\"woocommerce-loop-product__title\">Sakura<\/h2>\n\t<span class=\"price\"><span class=\"woocommerce-Price-amount amount\"><bdi><span class=\"woocommerce-Price-currencySymbol\">$<\/span>171.00<\/bdi><\/span><\/span>\n<\/a><a href=\"\/fr\/wp-json\/wp\/v2\/pages\/590?add-to-cart=5933\" aria-describedby=\"woocommerce_loop_add_to_cart_link_describedby_5933\" data-quantity=\"1\" class=\"button product_type_simple add_to_cart_button ajax_add_to_cart\" data-product_id=\"5933\" data-product_sku=\"\" aria-label=\"Ajouter au panier\u00a0: \u201cSakura\u201d\" rel=\"nofollow\" data-success_message=\"\u00ab\u00a0Sakura\u00a0\u00bb a \u00e9t\u00e9 ajout\u00e9 \u00e0 votre panier\" role=\"button\" data-no-translation=\"\" data-trp-gettext=\"\" data-no-translation-aria-label=\"\" data-no-translation-data-success_message=\"\">Ajouter au panier<\/a>\t<span id=\"woocommerce_loop_add_to_cart_link_describedby_5933\" class=\"screen-reader-text\">\n\t\t\t<\/span>\n<\/li>\n<li class=\"product type-product post-5910 status-publish first instock product_cat-eid-collection has-post-thumbnail shipping-taxable purchasable product-type-simple\">\n\t<a href=\"https:\/\/yevadesigns.com\/fr\/produit\/lavender-garden-abaya\/\" class=\"woocommerce-LoopProduct-link woocommerce-loop-product__link\"><img loading=\"lazy\" decoding=\"async\" width=\"1080\" height=\"1620\" src=\"https:\/\/yevadesigns.com\/wp-content\/uploads\/2025\/05\/5-1-1080x1620.png\" class=\"attachment-woocommerce_thumbnail size-woocommerce_thumbnail\" alt=\"Lavender Garden Abaya\" srcset=\"https:\/\/yevadesigns.com\/wp-content\/uploads\/2025\/05\/5-1-1080x1620.png 1080w, https:\/\/yevadesigns.com\/wp-content\/uploads\/2025\/05\/5-1-200x300.png 200w, https:\/\/yevadesigns.com\/wp-content\/uploads\/2025\/05\/5-1-683x1024.png 683w, https:\/\/yevadesigns.com\/wp-content\/uploads\/2025\/05\/5-1-768x1152.png 768w, https:\/\/yevadesigns.com\/wp-content\/uploads\/2025\/05\/5-1-1024x1536.png 1024w, https:\/\/yevadesigns.com\/wp-content\/uploads\/2025\/05\/5-1-8x12.png 8w, https:\/\/yevadesigns.com\/wp-content\/uploads\/2025\/05\/5-1-1320x1980.png 1320w, https:\/\/yevadesigns.com\/wp-content\/uploads\/2025\/05\/5-1.png 1365w\" sizes=\"(max-width: 1080px) 100vw, 1080px\" \/><h2 class=\"woocommerce-loop-product__title\">Lavender Garden Abaya<\/h2>\n\t<span class=\"price\"><span class=\"woocommerce-Price-amount amount\"><bdi><span class=\"woocommerce-Price-currencySymbol\">$<\/span>122.53<\/bdi><\/span><\/span>\n<\/a><a href=\"\/fr\/wp-json\/wp\/v2\/pages\/590?add-to-cart=5910\" aria-describedby=\"woocommerce_loop_add_to_cart_link_describedby_5910\" data-quantity=\"1\" class=\"button product_type_simple add_to_cart_button ajax_add_to_cart\" data-product_id=\"5910\" data-product_sku=\"\" aria-label=\"Ajouter au panier\u00a0: \u201cLavender Garden Abaya\u201d\" rel=\"nofollow\" data-success_message=\"\u00ab\u00a0Lavender Garden Abaya\u00a0\u00bb a \u00e9t\u00e9 ajout\u00e9 \u00e0 votre panier\" role=\"button\" data-no-translation=\"\" data-trp-gettext=\"\" data-no-translation-aria-label=\"\" data-no-translation-data-success_message=\"\">Ajouter au panier<\/a>\t<span id=\"woocommerce_loop_add_to_cart_link_describedby_5910\" class=\"screen-reader-text\">\n\t\t\t<\/span>\n<\/li>\n<li class=\"product type-product post-5901 status-publish instock product_cat-eid-collection has-post-thumbnail shipping-taxable purchasable product-type-simple\">\n\t<a href=\"https:\/\/yevadesigns.com\/fr\/produit\/sunset-breeze-abaya\/\" class=\"woocommerce-LoopProduct-link woocommerce-loop-product__link\"><img loading=\"lazy\" decoding=\"async\" width=\"1080\" height=\"1620\" src=\"https:\/\/yevadesigns.com\/wp-content\/uploads\/2025\/05\/1-1080x1620.png\" class=\"attachment-woocommerce_thumbnail size-woocommerce_thumbnail\" alt=\"Sunset Breeze Abaya\" srcset=\"https:\/\/yevadesigns.com\/wp-content\/uploads\/2025\/05\/1-1080x1620.png 1080w, https:\/\/yevadesigns.com\/wp-content\/uploads\/2025\/05\/1-200x300.png 200w, https:\/\/yevadesigns.com\/wp-content\/uploads\/2025\/05\/1-683x1024.png 683w, https:\/\/yevadesigns.com\/wp-content\/uploads\/2025\/05\/1-768x1152.png 768w, https:\/\/yevadesigns.com\/wp-content\/uploads\/2025\/05\/1-1024x1536.png 1024w, https:\/\/yevadesigns.com\/wp-content\/uploads\/2025\/05\/1-8x12.png 8w, https:\/\/yevadesigns.com\/wp-content\/uploads\/2025\/05\/1-1320x1980.png 1320w, https:\/\/yevadesigns.com\/wp-content\/uploads\/2025\/05\/1.png 1365w\" sizes=\"(max-width: 1080px) 100vw, 1080px\" \/><h2 class=\"woocommerce-loop-product__title\">Sunset Breeze Abaya<\/h2>\n\t<span class=\"price\"><span class=\"woocommerce-Price-amount amount\"><bdi><span class=\"woocommerce-Price-currencySymbol\">$<\/span>122.53<\/bdi><\/span><\/span>\n<\/a><a href=\"\/fr\/wp-json\/wp\/v2\/pages\/590?add-to-cart=5901\" aria-describedby=\"woocommerce_loop_add_to_cart_link_describedby_5901\" data-quantity=\"1\" class=\"button product_type_simple add_to_cart_button ajax_add_to_cart\" data-product_id=\"5901\" data-product_sku=\"\" aria-label=\"Ajouter au panier\u00a0: \u201cSunset Breeze Abaya\u201d\" rel=\"nofollow\" data-success_message=\"\u00ab\u00a0Sunset Breeze Abaya\u00a0\u00bb a \u00e9t\u00e9 ajout\u00e9 \u00e0 votre panier\" role=\"button\" data-no-translation=\"\" data-trp-gettext=\"\" data-no-translation-aria-label=\"\" data-no-translation-data-success_message=\"\">Ajouter au panier<\/a>\t<span id=\"woocommerce_loop_add_to_cart_link_describedby_5901\" class=\"screen-reader-text\">\n\t\t\t<\/span>\n<\/li>\n<li class=\"product type-product post-5867 status-publish outofstock product_cat-women has-post-thumbnail shipping-taxable purchasable product-type-variable\">\n\t<a href=\"https:\/\/yevadesigns.com\/fr\/produit\/olive-essence\/\" class=\"woocommerce-LoopProduct-link woocommerce-loop-product__link\"><img loading=\"lazy\" decoding=\"async\" width=\"1080\" height=\"1620\" src=\"https:\/\/yevadesigns.com\/wp-content\/uploads\/2025\/03\/13-1080x1620.png\" class=\"attachment-woocommerce_thumbnail size-woocommerce_thumbnail\" alt=\"Olive Essence\" srcset=\"https:\/\/yevadesigns.com\/wp-content\/uploads\/2025\/03\/13-1080x1620.png 1080w, https:\/\/yevadesigns.com\/wp-content\/uploads\/2025\/03\/13-200x300.png 200w, https:\/\/yevadesigns.com\/wp-content\/uploads\/2025\/03\/13-683x1024.png 683w, https:\/\/yevadesigns.com\/wp-content\/uploads\/2025\/03\/13-768x1152.png 768w, https:\/\/yevadesigns.com\/wp-content\/uploads\/2025\/03\/13-1024x1536.png 1024w, https:\/\/yevadesigns.com\/wp-content\/uploads\/2025\/03\/13-8x12.png 8w, https:\/\/yevadesigns.com\/wp-content\/uploads\/2025\/03\/13-1320x1980.png 1320w, https:\/\/yevadesigns.com\/wp-content\/uploads\/2025\/03\/13.png 1365w\" sizes=\"(max-width: 1080px) 100vw, 1080px\" \/><h2 class=\"woocommerce-loop-product__title\">Olive Essence<\/h2>\n\t<span class=\"price\"><span class=\"woocommerce-Price-amount amount\"><bdi><span class=\"woocommerce-Price-currencySymbol\">$<\/span>163.37<\/bdi><\/span><\/span>\n<\/a><a href=\"https:\/\/yevadesigns.com\/fr\/produit\/olive-essence\/\" aria-describedby=\"woocommerce_loop_add_to_cart_link_describedby_5867\" data-quantity=\"1\" class=\"button product_type_variable\" data-product_id=\"5867\" data-product_sku=\"\" aria-label=\"S\u00e9lectionner les options pour \u201cOlive Essence\u201d\" rel=\"nofollow\" data-no-translation=\"\" data-trp-gettext=\"\" data-no-translation-aria-label=\"\">Choix des options<\/a>\t<span id=\"woocommerce_loop_add_to_cart_link_describedby_5867\" class=\"screen-reader-text\">\n\t\tCe produit a plusieurs variations. Les options peuvent \u00eatre choisies sur la page du produit\t<\/span>\n<\/li>\n<li class=\"product type-product post-5866 status-publish last instock product_cat-women has-post-thumbnail shipping-taxable purchasable product-type-variable\">\n\t<a href=\"https:\/\/yevadesigns.com\/fr\/produit\/eclipse-charm\/\" class=\"woocommerce-LoopProduct-link woocommerce-loop-product__link\"><img loading=\"lazy\" decoding=\"async\" width=\"1080\" height=\"1620\" src=\"https:\/\/yevadesigns.com\/wp-content\/uploads\/2025\/03\/16-1080x1620.png\" class=\"attachment-woocommerce_thumbnail size-woocommerce_thumbnail\" alt=\"Eclipse Charm\" srcset=\"https:\/\/yevadesigns.com\/wp-content\/uploads\/2025\/03\/16-1080x1620.png 1080w, https:\/\/yevadesigns.com\/wp-content\/uploads\/2025\/03\/16-200x300.png 200w, https:\/\/yevadesigns.com\/wp-content\/uploads\/2025\/03\/16-683x1024.png 683w, https:\/\/yevadesigns.com\/wp-content\/uploads\/2025\/03\/16-768x1152.png 768w, https:\/\/yevadesigns.com\/wp-content\/uploads\/2025\/03\/16-1024x1536.png 1024w, https:\/\/yevadesigns.com\/wp-content\/uploads\/2025\/03\/16-8x12.png 8w, https:\/\/yevadesigns.com\/wp-content\/uploads\/2025\/03\/16-1320x1980.png 1320w, https:\/\/yevadesigns.com\/wp-content\/uploads\/2025\/03\/16.png 1365w\" sizes=\"(max-width: 1080px) 100vw, 1080px\" \/><h2 class=\"woocommerce-loop-product__title\">Eclipse Charm<\/h2>\n\t<span class=\"price\"><span class=\"woocommerce-Price-amount amount\"><bdi><span class=\"woocommerce-Price-currencySymbol\">$<\/span>163.37<\/bdi><\/span><\/span>\n<\/a><a href=\"https:\/\/yevadesigns.com\/fr\/produit\/eclipse-charm\/\" aria-describedby=\"woocommerce_loop_add_to_cart_link_describedby_5866\" data-quantity=\"1\" class=\"button product_type_variable add_to_cart_button\" data-product_id=\"5866\" data-product_sku=\"\" aria-label=\"S\u00e9lectionner les options pour \u201cEclipse Charm\u201d\" rel=\"nofollow\" data-no-translation=\"\" data-trp-gettext=\"\" data-no-translation-aria-label=\"\">Choix des options<\/a>\t<span id=\"woocommerce_loop_add_to_cart_link_describedby_5866\" class=\"screen-reader-text\">\n\t\tCe produit a plusieurs variations. Les options peuvent \u00eatre choisies sur la page du produit\t<\/span>\n<\/li>\n<\/ul>\n<nav class=\"woocommerce-pagination\" aria-label=\"Pagination des produits\" data-no-translation-aria-label=\"\">\n\t<ul class='page-numbers'>\n\t<li><span aria-label=\"Page 1\" aria-current=\"page\" class=\"page-numbers current\" data-no-translation-aria-label=\"\">1<\/span><\/li>\n\t<li><a aria-label=\"Page 2\" class=\"page-numbers\" href=\"\/fr\/wp-json\/wp\/v2\/pages\/590?product-page=2\" data-no-translation-aria-label=\"\">2<\/a><\/li>\n\t<li><a aria-label=\"Page 3\" class=\"page-numbers\" href=\"\/fr\/wp-json\/wp\/v2\/pages\/590?product-page=3\" data-no-translation-aria-label=\"\">3<\/a><\/li>\n\t<li><a class=\"next page-numbers\" href=\"\/fr\/wp-json\/wp\/v2\/pages\/590?product-page=2\">&rarr;<\/a><\/li>\n<\/ul>\n<\/nav>\n<\/div>","protected":false},"excerpt":{"rendered":"","protected":false},"author":1,"featured_media":0,"parent":0,"menu_order":0,"comment_status":"closed","ping_status":"closed","template":"","meta":{"footnotes":""},"class_list":["post-590","page","type-page","status-publish","hentry"],"post-meta":{"site-container":["default"],"site-header-transparent":["default"],"site-page-header":["default"],"site-sidebar":["default"],"_elementor_template_type":["wp-post"],"_wp_page_template":["default"],"_elementor_data":["[{\"id\":\"9b73450\",\"elType\":\"section\",\"settings\":[],\"elements\":[{\"id\":\"e4d35eb\",\"elType\":\"column\",\"settings\":{\"_column_size\":100},\"elements\":[{\"id\":\"ecb9792\",\"elType\":\"widget\",\"settings\":{\"shortcode\":\"[products limit=8 paginate=true columns=4 orderby=\\\"date\\\"]\"},\"elements\":[],\"widgetType\":\"shortcode\"}],\"isInner\":false}],\"isInner\":false}]"],"_elementor_version":["3.4.4"],"_wxr_import_user_slug":["woostify","woostify","woostify","support"],"_elementor_controls_usage":["a:3:{s:9:\"shortcode\";a:3:{s:5:\"count\";i:1;s:15:\"control_percent\";i:0;s:8:\"controls\";a:1:{s:7:\"content\";a:1:{s:17:\"section_shortcode\";a:1:{s:9:\"shortcode\";i:1;}}}}s:6:\"column\";a:3:{s:5:\"count\";i:1;s:15:\"control_percent\";i:0;s:8:\"controls\";a:0:{}}s:7:\"section\";a:3:{s:5:\"count\";i:1;s:15:\"control_percent\";i:0;s:8:\"controls\";a:0:{}}}"],"_elementor_page_assets":["a:1:{s:7:\"scripts\";a:1:{i:0;s:18:\"elementor-frontend\";}}"]},"_links":{"self":[{"href":"https:\/\/yevadesigns.com\/fr\/wp-json\/wp\/v2\/pages\/590","targetHints":{"allow":["GET"]}}],"collection":[{"href":"https:\/\/yevadesigns.com\/fr\/wp-json\/wp\/v2\/pages"}],"about":[{"href":"https:\/\/yevadesigns.com\/fr\/wp-json\/wp\/v2\/types\/page"}],"author":[{"embeddable":true,"href":"https:\/\/yevadesigns.com\/fr\/wp-json\/wp\/v2\/users\/1"}],"replies":[{"embeddable":true,"href":"https:\/\/yevadesigns.com\/fr\/wp-json\/wp\/v2\/comments?post=590"}],"version-history":[{"count":0,"href":"https:\/\/yevadesigns.com\/fr\/wp-json\/wp\/v2\/pages\/590\/revisions"}],"wp:attachment":[{"href":"https:\/\/yevadesigns.com\/fr\/wp-json\/wp\/v2\/media?parent=590"}],"curies":[{"name":"wp","href":"https:\/\/api.w.org\/{rel}","templated":true}]}}